{"id":190950,"date":"2023-07-11T12:54:51","date_gmt":"2023-07-11T09:54:51","guid":{"rendered":"https:\/\/www.grandemlak.com\/konyaalti\/"},"modified":"2024-07-16T13:19:52","modified_gmt":"2024-07-16T10:19:52","slug":"konyaalti","status":"publish","type":"page","link":"https:\/\/www.grandemlak.com\/sv\/konyaalti\/","title":{"rendered":"Konyaalt\u0131"},"content":{"rendered":"<h3>D\u00e4r Tristess F\u00f6rsvinner: Konyaalt\u0131<\/h3>\n<p>Beskriver den f\u00e4ngslande charmen hos Konyaalt\u0131-distriktet i Antalya, med sin f\u00f6rtrollande panoramautsikt \u00f6ver Beyda\u011flar\u0131. Detta omr\u00e5de \u00e4r k\u00e4nt f\u00f6r sin 7 km l\u00e5nga kustlinje och \u00e4r en av de mest eftertraktade bostadsplatserna i staden. F\u00f6rutom sin naturliga sk\u00f6nhet fungerar det ocks\u00e5 som Antalyas sociala nav.<\/p>\n<p>Bel\u00e4get i den v\u00e4stra \u00e4nden av Antalya och som ett centralt distrikt, gr\u00e4nsar Konyaalt\u0131 till Kemer i s\u00f6der, D\u00f6\u015femealt\u0131 i norr och Korkuteli i nordv\u00e4st.<\/p>\n<p><strong>Konyaalt\u0131s Historia:<\/strong> Konyaalt\u0131 har en rik historia som g\u00e5r tillbaka till den lykiska perioden. Tidigare k\u00e4nt som Olbia, str\u00e4ckte sig regionen fr\u00e5n Arapsuyu till Bo\u011fa\u00e7ay\u0131.<\/p>\n<p>Det finns tv\u00e5 teorier om ursprunget till det nuvarande namnet &#8220;Konyaalt\u0131&#8221;. En teori f\u00f6resl\u00e5r att under den ottomanska perioden, kallade resen\u00e4rer som anl\u00e4nde fr\u00e5n Konya detta kustomr\u00e5de f\u00f6r \u201cKonyaalt\u0131,\u201d vilket betyder \u201cvi \u00e4r nedanf\u00f6r Konya.\u201d Den andra teorin h\u00e4vdar att namnet &#8220;Koyalt\u0131&#8221; ursprungligen anv\u00e4ndes p\u00e5 grund av Antalyas l\u00e4ge p\u00e5 klippor, vilket s\u00e5 sm\u00e5ningom f\u00f6r\u00e4ndrades till &#8220;Konyaalt\u0131&#8221; \u00f6ver tid.<\/p>\n<p><strong>Viktiga Regioner och Platser att Bes\u00f6ka:<\/strong> Konyaalt\u0131 \u00e4r full av anm\u00e4rkningsv\u00e4rda platser att utforska. Det st\u00e5r som en av de fr\u00e4msta turistdestinationerna i Antalya och erbjuder en h\u00e4rlig blandning av lugn, fritid och underh\u00e5llning.<\/p>\n<p>Bes\u00f6kare kan f\u00f6rdjupa sig i sk\u00f6nheten av Konyaalt\u0131 Beach, den fantastiska Kapuz-kanjonen, den fridfulla Doyran-dammen, den fascinerande Tubitak-observatoriet, det \u00e4ventyrliga Geyikbay\u0131r\u0131, den pittoreska T\u00fcnektepe och den sp\u00e4nnande Sakl\u0131kent skidcenter, som skiljer Antalya fr\u00e5n andra Medelhavsst\u00e4der. Dessutom ligger v\u00e4rldens st\u00f6rsta tunnelakvarium, Antalya Aquarium, ocks\u00e5 i Konyaalt\u0131, vilket \u00f6kar distriktets dragningskraft.<\/p>\n","protected":false},"excerpt":{"rendered":"<p>D\u00e4r Tristess F\u00f6rsvinner: Konyaalt\u0131 Beskriver den f\u00e4ngslande charmen hos Konyaalt\u0131-distriktet i Antalya, med sin f\u00f6rtrollande panoramautsikt \u00f6ver Beyda\u011flar\u0131. Detta omr\u00e5de \u00e4r k\u00e4nt f\u00f6r sin 7 km l\u00e5nga kustlinje och \u00e4r en av de mest eftertraktade bostadsplatserna i staden. F\u00f6rutom sin naturliga sk\u00f6nhet fungerar det ocks\u00e5 som Antalyas sociala nav. Bel\u00e4get i den v\u00e4stra \u00e4nden av [&hellip;]<\/p>\n","protected":false},"author":1,"featured_media":0,"parent":0,"menu_order":0,"comment_status":"closed","ping_status":"closed","template":"","meta":{"footnotes":""},"class_list":["post-190950","page","type-page","status-publish","hentry"],"_links":{"self":[{"href":"https:\/\/www.grandemlak.com\/sv\/wp-json\/wp\/v2\/pages\/190950","targetHints":{"allow":["GET"]}}],"collection":[{"href":"https:\/\/www.grandemlak.com\/sv\/wp-json\/wp\/v2\/pages"}],"about":[{"href":"https:\/\/www.grandemlak.com\/sv\/wp-json\/wp\/v2\/types\/page"}],"author":[{"embeddable":true,"href":"https:\/\/www.grandemlak.com\/sv\/wp-json\/wp\/v2\/users\/1"}],"replies":[{"embeddable":true,"href":"https:\/\/www.grandemlak.com\/sv\/wp-json\/wp\/v2\/comments?post=190950"}],"version-history":[{"count":2,"href":"https:\/\/www.grandemlak.com\/sv\/wp-json\/wp\/v2\/pages\/190950\/revisions"}],"predecessor-version":[{"id":264318,"href":"https:\/\/www.grandemlak.com\/sv\/wp-json\/wp\/v2\/pages\/190950\/revisions\/264318"}],"wp:attachment":[{"href":"https:\/\/www.grandemlak.com\/sv\/wp-json\/wp\/v2\/media?parent=190950"}],"curies":[{"name":"wp","href":"https:\/\/api.w.org\/{rel}","templated":true}]}}