{"id":190949,"date":"2023-07-11T12:54:51","date_gmt":"2023-07-11T09:54:51","guid":{"rendered":"https:\/\/www.grandemlak.com\/konyaalti\/"},"modified":"2023-07-21T17:13:30","modified_gmt":"2023-07-21T14:13:30","slug":"konyaalti","status":"publish","type":"page","link":"https:\/\/www.grandemlak.com\/ru\/konyaalti\/","title":{"rendered":"Konyaalt\u0131"},"content":{"rendered":"<h3>Can S\u0131k\u0131nt\u0131s\u0131n\u0131n Ne Oldu\u011funu Unutturan \u0130l\u00e7e: Konyaalt\u0131<\/h3>\n<p>Nefes kesen panaromik Beyda\u011flar\u0131 manzaras\u0131yla \u00e7ok daha b\u00fcy\u00fcl\u00fc bir ortam sunan 7 km\u2019lik sahiliyle \u00fcnl\u00fc Konyaalt\u0131 il\u00e7esi, Antalya\u2019n\u0131n en pop\u00fcler yerle\u015fim alanlar\u0131n\u0131n ba\u015f\u0131nda geliyor. Do\u011fal g\u00fczelliklerinin yan\u0131 s\u0131ra \u015fehrin sosyal merkez \u00fcss\u00fc olarak da \u00f6ne \u00e7\u0131kan b\u00f6lgelerinden biri\u2026<\/p>\n<p>Antalya\u2019n\u0131n bat\u0131 ucunda yer alan ve merkez il\u00e7elerinden biri olan Konyaalt\u0131, g\u00fcneyinde Kemer\u2019e, kuzeyinde D\u00f6\u015femealt\u0131\u2019na, kuzeybat\u0131s\u0131nda ise Korkuteli\u2019ne kom\u015fu.<\/p>\n<p><strong>Konyaalt\u0131 Tarihi:<\/strong> Antalya&#8217;n\u0131n bat\u0131 kesiminde bulunan Konyaalt\u0131&#8217;n\u0131n tarih\u00e7esi Likya D\u00f6nemi&#8217;ne kadar uzan\u0131yor. O d\u00f6nemde Arapsuyu&#8217;dan Bo\u011fa\u00e7ay\u0131&#8217;na kadar uzanan b\u00f6lgenin ad\u0131 Olbia olarak biliniyordu. G\u00fcn\u00fcm\u00fczde Konyaalt\u0131 olarak bilinen b\u00f6lgenin bu ad\u0131 nas\u0131l ald\u0131\u011f\u0131na dair ise iki ayr\u0131 rivayet bulunuyor.<\/p>\n<p>Birinci rivayete g\u00f6re, Osmanl\u0131lar D\u00f6nemi&#8217;nde de ayn\u0131 ismi ta\u015f\u0131yan Konya&#8217;dan Antalya b\u00f6lgesine gelip sahille kar\u015f\u0131la\u015ft\u0131klar\u0131nda &#8220;Konya&#8217;n\u0131n alt\u0131na gittik&#8221; anlam\u0131nda &#8220;Konyaalt\u0131&#8221; ifadesini kullanm\u0131\u015flard\u0131r.<\/p>\n<p>\u0130kinci rivayete g\u00f6re ise, b\u00f6lgenin Antalya&#8217;n\u0131n falezler \u00fczerinde yer almas\u0131ndan dolay\u0131 &#8220;Koy Alt\u0131&#8221; \u015feklinde adland\u0131r\u0131lmas\u0131 ve zamanla bu kelimenin &#8220;Konyaalt\u0131&#8221;na d\u00f6n\u00fc\u015fm\u00fc\u015f oldu\u011fudur.<\/p>\n<p><strong>\u00d6nemli B\u00f6lgeler ve Gezilecek Yerler:<\/strong> Do\u011fal ve co\u011frafi g\u00fczelliklerin saymakla bitmedi\u011fi il\u00e7e Antalya\u2019n\u0131n en \u00f6nemli turistik noktalar\u0131ndan biri. Hem huzur ve dinlence hem hareket ve e\u011flence arayanlara hitap edecek bir atmosfere sahip olan il\u00e7ede say\u0131s\u0131z gezi rotas\u0131 bulunur.<\/p>\n<p>Bunlardan ilk akla gelenler aras\u0131nda Konyaalt\u0131 Plaj\u0131, Kapuz Kanyonu, Doyran G\u00f6leti, Tubitak G\u00f6zlem Evi, Geyikbay\u0131r\u0131, T\u00fcnektepe ve Antalya\u2019y\u0131 di\u011fer Akdeniz \u015fehirlerinden farkl\u0131 k\u0131lan Sakl\u0131kent Kayak Merkezi say\u0131labilir.<\/p>\n<p>D\u00fcnyan\u0131n en b\u00fcy\u00fck t\u00fcnel akvaryumu olma \u00f6zelli\u011fini ta\u015f\u0131yan Antalya Aquarium da Konyaalt\u0131 il\u00e7esindedir.<\/p>\n","protected":false},"excerpt":{"rendered":"<p>Can S\u0131k\u0131nt\u0131s\u0131n\u0131n Ne Oldu\u011funu Unutturan \u0130l\u00e7e: Konyaalt\u0131 Nefes kesen panaromik Beyda\u011flar\u0131 manzaras\u0131yla \u00e7ok daha b\u00fcy\u00fcl\u00fc bir ortam sunan 7 km\u2019lik sahiliyle \u00fcnl\u00fc Konyaalt\u0131 il\u00e7esi, Antalya\u2019n\u0131n en pop\u00fcler yerle\u015fim alanlar\u0131n\u0131n ba\u015f\u0131nda geliyor. Do\u011fal g\u00fczelliklerinin yan\u0131 s\u0131ra \u015fehrin sosyal merkez \u00fcss\u00fc olarak da \u00f6ne \u00e7\u0131kan b\u00f6lgelerinden biri\u2026 Antalya\u2019n\u0131n bat\u0131 ucunda yer alan ve merkez il\u00e7elerinden biri olan [&hellip;]<\/p>\n","protected":false},"author":1,"featured_media":0,"parent":0,"menu_order":0,"comment_status":"closed","ping_status":"closed","template":"","meta":{"footnotes":""},"class_list":["post-190949","page","type-page","status-publish","hentry"],"_links":{"self":[{"href":"https:\/\/www.grandemlak.com\/ru\/wp-json\/wp\/v2\/pages\/190949","targetHints":{"allow":["GET"]}}],"collection":[{"href":"https:\/\/www.grandemlak.com\/ru\/wp-json\/wp\/v2\/pages"}],"about":[{"href":"https:\/\/www.grandemlak.com\/ru\/wp-json\/wp\/v2\/types\/page"}],"author":[{"embeddable":true,"href":"https:\/\/www.grandemlak.com\/ru\/wp-json\/wp\/v2\/users\/1"}],"replies":[{"embeddable":true,"href":"https:\/\/www.grandemlak.com\/ru\/wp-json\/wp\/v2\/comments?post=190949"}],"version-history":[{"count":1,"href":"https:\/\/www.grandemlak.com\/ru\/wp-json\/wp\/v2\/pages\/190949\/revisions"}],"predecessor-version":[{"id":194514,"href":"https:\/\/www.grandemlak.com\/ru\/wp-json\/wp\/v2\/pages\/190949\/revisions\/194514"}],"wp:attachment":[{"href":"https:\/\/www.grandemlak.com\/ru\/wp-json\/wp\/v2\/media?parent=190949"}],"curies":[{"name":"wp","href":"https:\/\/api.w.org\/{rel}","templated":true}]}}