{"id":190948,"date":"2023-07-11T12:54:51","date_gmt":"2023-07-11T09:54:51","guid":{"rendered":"https:\/\/www.grandemlak.com\/konyaalti\/"},"modified":"2023-07-26T15:06:33","modified_gmt":"2023-07-26T12:06:33","slug":"konyaalti","status":"publish","type":"page","link":"https:\/\/www.grandemlak.com\/de\/konyaalti\/","title":{"rendered":"Konyaalt\u0131"},"content":{"rendered":"<h3>Der Bezirk, der Langeweile vergessen l\u00e4sst: Konyaalt\u0131<\/h3>\n<p>Der Bezirk Konyaalt\u0131, mit seiner atemberaubenden Panoramaaussicht auf die Beyda\u011flar\u0131, die 7 km lange K\u00fcste und seine nat\u00fcrliche Sch\u00f6nheit ist einer der beliebtesten Wohnorte in Antalya. Neben seinen nat\u00fcrlichen Attraktionen ist es auch ein soziales Zentrum der Stadt.<\/p>\n<p>Konyaalt\u0131, im Westen Antalyas gelegen, grenzt im S\u00fcden an Kemer, im Norden an D\u00f6\u015femealt\u0131 und im Nordwesten an Korkuteli.<\/p>\n<p><strong>Geschichte von Konyaalt\u0131: <\/strong>Die Geschichte von Konyaalt\u0131, das sich im Westen von Antalya befindet, reicht bis in die lykische Zeit zur\u00fcck. In jener Zeit wurde die Region, die sich von Arapsuyu bis Bo\u011fa\u00e7ay\u0131 erstreckte, als Olbia bekannt. Es gibt zwei verschiedene \u00dcberlieferungen dar\u00fcber, wie die Region, die heute als Konyaalt\u0131 bekannt ist, ihren Namen erhalten hat.<\/p>\n<p>Nach der ersten \u00dcberlieferung benutzten die Osmanen w\u00e4hrend ihrer Zeit denselben Namen Konya, als sie von Konya in die Region Antalya kamen und auf die K\u00fcste trafen. Sie verwendeten den Ausdruck &#8220;Konyaalt\u0131&#8221;, der &#8220;Wir sind unter Konya gegangen&#8221; bedeutet.<\/p>\n<p>Die zweite \u00dcberlieferung besagt, dass die Region aufgrund ihrer Lage auf den Klippen von Antalya als &#8220;Koy Alt\u0131&#8221; bezeichnet wurde und im Laufe der Zeit wurde dieses Wort zu &#8220;Konyaalt\u0131&#8221;.<\/p>\n<p><strong>Wichtige Regionen und Sehensw\u00fcrdigkeiten: <\/strong>Natur- und geografische Sch\u00f6nheiten sind in diesem Bezirk unendlich zahlreich und machen ihn zu einem der wichtigsten touristischen Ziele in Antalya. Der Bezirk bietet eine Atmosph\u00e4re, die sowohl Ruhe und Entspannung als auch Bewegung und Unterhaltung anspricht, und es gibt unz\u00e4hlige Ausflugsm\u00f6glichkeiten.<\/p>\n<p>Zu den erstgenannten geh\u00f6ren Konyaalt\u0131 Strand, Kapuz Kanyon, Doyran See, Tubitak Observatorium, Geyikbay\u0131r\u0131, T\u00fcnektepe und das Sakl\u0131kent Skigebiet, das Antalya von anderen Mittelmeerst\u00e4dten unterscheidet.<\/p>\n<p>Das Antalya Aquarium, das als gr\u00f6\u00dftes Tunnelaquarium der Welt gilt, befindet sich ebenfalls im Bezirk Konyaalt\u0131.<\/p>\n","protected":false},"excerpt":{"rendered":"<p>Der Bezirk, der Langeweile vergessen l\u00e4sst: Konyaalt\u0131 Der Bezirk Konyaalt\u0131, mit seiner atemberaubenden Panoramaaussicht auf die Beyda\u011flar\u0131, die 7 km lange K\u00fcste und seine nat\u00fcrliche Sch\u00f6nheit ist einer der beliebtesten Wohnorte in Antalya. Neben seinen nat\u00fcrlichen Attraktionen ist es auch ein soziales Zentrum der Stadt. Konyaalt\u0131, im Westen Antalyas gelegen, grenzt im S\u00fcden an Kemer, [&hellip;]<\/p>\n","protected":false},"author":1,"featured_media":0,"parent":0,"menu_order":0,"comment_status":"closed","ping_status":"closed","template":"","meta":{"footnotes":""},"class_list":["post-190948","page","type-page","status-publish","hentry"],"_links":{"self":[{"href":"https:\/\/www.grandemlak.com\/de\/wp-json\/wp\/v2\/pages\/190948","targetHints":{"allow":["GET"]}}],"collection":[{"href":"https:\/\/www.grandemlak.com\/de\/wp-json\/wp\/v2\/pages"}],"about":[{"href":"https:\/\/www.grandemlak.com\/de\/wp-json\/wp\/v2\/types\/page"}],"author":[{"embeddable":true,"href":"https:\/\/www.grandemlak.com\/de\/wp-json\/wp\/v2\/users\/1"}],"replies":[{"embeddable":true,"href":"https:\/\/www.grandemlak.com\/de\/wp-json\/wp\/v2\/comments?post=190948"}],"version-history":[{"count":2,"href":"https:\/\/www.grandemlak.com\/de\/wp-json\/wp\/v2\/pages\/190948\/revisions"}],"predecessor-version":[{"id":195513,"href":"https:\/\/www.grandemlak.com\/de\/wp-json\/wp\/v2\/pages\/190948\/revisions\/195513"}],"wp:attachment":[{"href":"https:\/\/www.grandemlak.com\/de\/wp-json\/wp\/v2\/media?parent=190948"}],"curies":[{"name":"wp","href":"https:\/\/api.w.org\/{rel}","templated":true}]}}